{"id":9856,"date":"2024-11-11T14:22:14","date_gmt":"2024-11-11T13:22:14","guid":{"rendered":"http:\/\/aurora.youelba.com\/dove-siamo\/"},"modified":"2024-12-11T14:27:14","modified_gmt":"2024-12-11T13:27:14","slug":"wo-wir-sind","status":"publish","type":"page","link":"https:\/\/www.hotelauroraelba.it\/de\/wo-wir-sind\/","title":{"rendered":"Wo wir sind"},"content":{"rendered":"\t\t<div data-elementor-type=\"wp-page\" data-elementor-id=\"9856\" class=\"elementor elementor-9856 elementor-8665\">\n\t\t\t\t\t\t<section class=\"elementor-section elementor-top-section elementor-element elementor-element-ca6d065 elementor-section-full_width elementor-section-height-default elementor-section-height-default\" data-id=\"ca6d065\" data-element_type=\"section\" data-settings=\"{&quot;shape_divider_bottom&quot;:&quot;wave-brush&quot;}\">\n\t\t\t\t\t<div class=\"elementor-shape elementor-shape-bottom\" data-negative=\"false\">\n\t\t\t<svg xmlns=\"http:\/\/www.w3.org\/2000\/svg\" viewBox=\"0 0 283.5 27.8\" preserveAspectRatio=\"none\">\n\t<path class=\"elementor-shape-fill\" d=\"M283.5,9.7c0,0-7.3,4.3-14,4.6c-6.8,0.3-12.6,0-20.9-1.5c-11.3-2-33.1-10.1-44.7-5.7\ts-12.1,4.6-18,7.4c-6.6,3.2-20,9.6-36.6,9.3C131.6,23.5,99.5,7.2,86.3,8c-1.4,0.1-6.6,0.8-10.5,2c-3.8,1.2-9.4,3.8-17,4.7\tc-3.2,0.4-8.3,1.1-14.2,0.9c-1.5-0.1-6.3-0.4-12-1.6c-5.7-1.2-11-3.1-15.8-3.7C6.5,9.2,0,10.8,0,10.8V0h283.5V9.7z M260.8,11.3\tc-0.7-1-2-0.4-4.3-0.4c-2.3,0-6.1-1.2-5.8-1.1c0.3,0.1,3.1,1.5,6,1.9C259.7,12.2,261.4,12.3,260.8,11.3z M242.4,8.6\tc0,0-2.4-0.2-5.6-0.9c-3.2-0.8-10.3-2.8-15.1-3.5c-8.2-1.1-15.8,0-15.1,0.1c0.8,0.1,9.6-0.6,17.6,1.1c3.3,0.7,9.3,2.2,12.4,2.7\tC239.9,8.7,242.4,8.6,242.4,8.6z M185.2,8.5c1.7-0.7-13.3,4.7-18.5,6.1c-2.1,0.6-6.2,1.6-10,2c-3.9,0.4-8.9,0.4-8.8,0.5\tc0,0.2,5.8,0.8,11.2,0c5.4-0.8,5.2-1.1,7.6-1.6C170.5,14.7,183.5,9.2,185.2,8.5z M199.1,6.9c0.2,0-0.8-0.4-4.8,1.1\tc-4,1.5-6.7,3.5-6.9,3.7c-0.2,0.1,3.5-1.8,6.6-3C197,7.5,199,6.9,199.1,6.9z M283,6c-0.1,0.1-1.9,1.1-4.8,2.5s-6.9,2.8-6.7,2.7\tc0.2,0,3.5-0.6,7.4-2.5C282.8,6.8,283.1,5.9,283,6z M31.3,11.6c0.1-0.2-1.9-0.2-4.5-1.2s-5.4-1.6-7.8-2C15,7.6,7.3,8.5,7.7,8.6\tC8,8.7,15.9,8.3,20.2,9.3c2.2,0.5,2.4,0.5,5.7,1.6S31.2,11.9,31.3,11.6z M73,9.2c0.4-0.1,3.5-1.6,8.4-2.6c4.9-1.1,8.9-0.5,8.9-0.8\tc0-0.3-1-0.9-6.2-0.3S72.6,9.3,73,9.2z M71.6,6.7C71.8,6.8,75,5.4,77.3,5c2.3-0.3,1.9-0.5,1.9-0.6c0-0.1-1.1-0.2-2.7,0.2\tC74.8,5.1,71.4,6.6,71.6,6.7z M93.6,4.4c0.1,0.2,3.5,0.8,5.6,1.8c2.1,1,1.8,0.6,1.9,0.5c0.1-0.1-0.8-0.8-2.4-1.3\tC97.1,4.8,93.5,4.2,93.6,4.4z M65.4,11.1c-0.1,0.3,0.3,0.5,1.9-0.2s2.6-1.3,2.2-1.2s-0.9,0.4-2.5,0.8C65.3,10.9,65.5,10.8,65.4,11.1\tz M34.5,12.4c-0.2,0,2.1,0.8,3.3,0.9c1.2,0.1,2,0.1,2-0.2c0-0.3-0.1-0.5-1.6-0.4C36.6,12.8,34.7,12.4,34.5,12.4z M152.2,21.1\tc-0.1,0.1-2.4-0.3-7.5-0.3c-5,0-13.6-2.4-17.2-3.5c-3.6-1.1,10,3.9,16.5,4.1C150.5,21.6,152.3,21,152.2,21.1z\"\/>\n\t<path class=\"elementor-shape-fill\" d=\"M269.6,18c-0.1-0.1-4.6,0.3-7.2,0c-7.3-0.7-17-3.2-16.6-2.9c0.4,0.3,13.7,3.1,17,3.3\tC267.7,18.8,269.7,18,269.6,18z\"\/>\n\t<path class=\"elementor-shape-fill\" d=\"M227.4,9.8c-0.2-0.1-4.5-1-9.5-1.2c-5-0.2-12.7,0.6-12.3,0.5c0.3-0.1,5.9-1.8,13.3-1.2\tS227.6,9.9,227.4,9.8z\"\/>\n\t<path class=\"elementor-shape-fill\" d=\"M204.5,13.4c-0.1-0.1,2-1,3.2-1.1c1.2-0.1,2,0,2,0.3c0,0.3-0.1,0.5-1.6,0.4\tC206.4,12.9,204.6,13.5,204.5,13.4z\"\/>\n\t<path class=\"elementor-shape-fill\" d=\"M201,10.6c0-0.1-4.4,1.2-6.3,2.2c-1.9,0.9-6.2,3.1-6.1,3.1c0.1,0.1,4.2-1.6,6.3-2.6\tS201,10.7,201,10.6z\"\/>\n\t<path class=\"elementor-shape-fill\" d=\"M154.5,26.7c-0.1-0.1-4.6,0.3-7.2,0c-7.3-0.7-17-3.2-16.6-2.9c0.4,0.3,13.7,3.1,17,3.3\tC152.6,27.5,154.6,26.8,154.5,26.7z\"\/>\n\t<path class=\"elementor-shape-fill\" d=\"M41.9,19.3c0,0,1.2-0.3,2.9-0.1c1.7,0.2,5.8,0.9,8.2,0.7c4.2-0.4,7.4-2.7,7-2.6\tc-0.4,0-4.3,2.2-8.6,1.9c-1.8-0.1-5.1-0.5-6.7-0.4S41.9,19.3,41.9,19.3z\"\/>\n\t<path class=\"elementor-shape-fill\" d=\"M75.5,12.6c0.2,0.1,2-0.8,4.3-1.1c2.3-0.2,2.1-0.3,2.1-0.5c0-0.1-1.8-0.4-3.4,0\tC76.9,11.5,75.3,12.5,75.5,12.6z\"\/>\n\t<path class=\"elementor-shape-fill\" d=\"M15.6,13.2c0-0.1,4.3,0,6.7,0.5c2.4,0.5,5,1.9,5,2c0,0.1-2.7-0.8-5.1-1.4\tC19.9,13.7,15.7,13.3,15.6,13.2z\"\/>\n<\/svg>\t\t<\/div>\n\t\t\t\t\t<div class=\"elementor-container elementor-column-gap-no\">\n\t\t\t\t\t<div class=\"elementor-column elementor-col-100 elementor-top-column elementor-element elementor-element-eee7acd\" data-id=\"eee7acd\" data-element_type=\"column\">\n\t\t\t<div class=\"elementor-widget-wrap elementor-element-populated\">\n\t\t\t\t\t\t<div class=\"elementor-element elementor-element-1db2167 elementor-widget elementor-widget-kinsley-intro\" data-id=\"1db2167\" data-element_type=\"widget\" data-widget_type=\"kinsley-intro.default\">\n\t\t\t\t<div class=\"elementor-widget-container\">\n\t\t\t\t\t\n    <!-- banner -->\n    <section class=\"knsl-banner-simple knsl-transition-bottom knsl-banner-white\">\n      \n\t  \t  <div class=\"knsl-cover-frame\">\n\t\t\t\t\t\t<div style=\"background-image: url('https:\/\/www.hotelauroraelba.it\/wp-content\/uploads\/2024\/11\/htl-aurora-drone-0049-HDR-10.jpg');\" class=\"knsl-parallax knsl-banner-slide\"><\/div>\n\t\t\t\t\t\t\t\t\t  <\/div>\n\t  <div class=\"knsl-overlay\" style=\"opacity: 0.2;\"><\/div>\n\t  \n      <div class=\"container\">\n        <div class=\"row\">\n          <div class=\"col-lg-12\">\n\n            <div class=\"knsl-center knsl-title-frame title-pos-top\">\n                            <h1 class=\"knsl-title--h knsl-mb-20 knsl-h1-inner\">\n                <span >\n                    Wo wir sind                <\/span>\n              <\/h1>\n                                          <p class=\"knsl-text knsl-mb-30\">\n                <span >\n                    Chiessi                <\/span>\n              <\/p>\n              \n              <ul class=\"knsl-breadcrumbs\"><li><a href=\"https:\/\/www.hotelauroraelba.it\/de\/\" title=\"Hotel Aurora Elba\">Home<\/a><\/li><li class=\"tst-active\"><a><\/a><\/li><\/ul>\n            <\/div>\n\n          <\/div>\n        <\/div>\n      <\/div>\n    <\/section>\n    <!-- banner end -->\n\n\t\t\t\t\t\t<\/div>\n\t\t\t\t<\/div>\n\t\t\t\t\t<\/div>\n\t\t<\/div>\n\t\t\t\t\t<\/div>\n\t\t<\/section>\n\t\t\t\t<section class=\"elementor-section elementor-top-section elementor-element elementor-element-b8051ce elementor-section-full_width elementor-section-height-default elementor-section-height-default\" data-id=\"b8051ce\" data-element_type=\"section\">\n\t\t\t\t\t\t<div class=\"elementor-container elementor-column-gap-no\">\n\t\t\t\t\t<div class=\"elementor-column elementor-col-100 elementor-top-column elementor-element elementor-element-63d7a87\" data-id=\"63d7a87\" data-element_type=\"column\">\n\t\t\t<div class=\"elementor-widget-wrap elementor-element-populated\">\n\t\t\t\t\t\t<div class=\"elementor-element elementor-element-c15afe3 elementor-widget elementor-widget-kinsley-about-video\" data-id=\"c15afe3\" data-element_type=\"widget\" data-widget_type=\"kinsley-about-video.default\">\n\t\t\t\t<div class=\"elementor-widget-container\">\n\t\t\t\t\t\n\t\t<!-- video -->\n    <section class=\"knsl-p-0-100\">\n\n      <div class=\"container\">\n\n        <div class=\"knsl-about-card\">\n          <div class=\"row g-0\">\n            <div class=\"col-lg-6\">\n              <div class=\"knsl-about-text\">\n                <div class=\"knsl-title-frame\">\n\t\t\t\t\t\t\t\t\t                  <h2 class=\"knsl-title--h knsl-mb-20\">\n\t\t\t\t\t\t\t\t\t\t<span >\n\t\t\t\t\t\t\t\t\t\t\tSo erreichen Sie das Hotel Aurora\t\t\t\t\t\t\t\t\t\t<\/span>\n\t\t\t\t\t\t\t\t\t<\/h2>\n\t\t\t\t\t\t\t\t\t\t\t\t\t\t\t\t\t\t\t\t\t\t\t\t\t\t\t<div class=\"knsl-text knsl-mb-30\">\n\t\t\t\t\t\t\t\t\t\t<div >\n                      <p>Das Hotel Aurora befindet sich in Chiessi, einem kleinen Dorf in der Gemeinde Marciana an der Westk\u00fcste der Insel Elba. Erreichbar von Portoferraio aus (Annlegehafen der F\u00e4hren) in etwa 40 Minuten mit dem Auto, auf dem k\u00fcrzesten Weg, welcher \u00fcber Marina di Campo f\u00fchrt.<\/p>                    <\/div>\n\t\t\t\t\t\t\t\t\t<\/div>\n\t\t\t\t\t\t\t\t\t\t\t\t\t\t\t\t\t\t                <\/div>\n              <\/div>\n            <\/div>\n            <div class=\"col-lg-6\">\n              <div class=\"knsl-video-frame\">\n\t\t\t\t\t\t\t\t\t\t\t\t\t\t\t\t<img decoding=\"async\" src=\"https:\/\/www.hotelauroraelba.it\/wp-content\/uploads\/2024\/11\/chiessi_20241115_095038.jpg\" alt=\"So erreichen Sie das Hotel Aurora\" \/>\n\t\t\t\t\t\t\t\t\t\t\t\t\t\t\t\t              <\/div>\n            <\/div>\n          <\/div>\n        <\/div>\n      <\/div>\n\n    <\/section>\n    <!-- video end -->\n\n\t\t\t\t\t\t<\/div>\n\t\t\t\t<\/div>\n\t\t\t\t\t<\/div>\n\t\t<\/div>\n\t\t\t\t\t<\/div>\n\t\t<\/section>\n\t\t\t\t<section class=\"elementor-section elementor-top-section elementor-element elementor-element-435ec07 elementor-section-full_width elementor-section-height-default elementor-section-height-default\" data-id=\"435ec07\" data-element_type=\"section\" data-settings=\"{&quot;background_background&quot;:&quot;video&quot;,&quot;background_video_start&quot;:10}\">\n\t\t\t\t\t\t\t<div class=\"elementor-background-overlay\"><\/div>\n\t\t\t\t\t\t\t<div class=\"elementor-container elementor-column-gap-no\">\n\t\t\t\t\t<div class=\"elementor-column elementor-col-100 elementor-top-column elementor-element elementor-element-0686ad7\" data-id=\"0686ad7\" data-element_type=\"column\">\n\t\t\t<div class=\"elementor-widget-wrap elementor-element-populated\">\n\t\t\t\t\t\t<div class=\"elementor-element elementor-element-1b95506 elementor-widget elementor-widget-shortcode\" data-id=\"1b95506\" data-element_type=\"widget\" data-widget_type=\"shortcode.default\">\n\t\t\t\t<div class=\"elementor-widget-container\">\n\t\t\t\t\t\t\t<div class=\"elementor-shortcode\"><div class=\"leaflet-map WPLeafletMap\" style=\"height:600px; width:100%;\"><\/div><script>\nwindow.WPLeafletMapPlugin = window.WPLeafletMapPlugin || [];\nwindow.WPLeafletMapPlugin.push(function WPLeafletMapShortcode() {\/*<script>*\/\nvar baseUrl = atob('aHR0cHM6Ly97c30udGlsZS5vcGVuc3RyZWV0bWFwLm9yZy97en0ve3h9L3t5fS5wbmc=');\nvar base = (!baseUrl && window.MQ) ?\n    window.MQ.mapLayer() : L.tileLayer(baseUrl,\n        L.Util.extend({}, {\n            detectRetina: 0,\n        },\n        {\"subdomains\":\"abc\",\"noWrap\":false,\"maxZoom\":19}        )\n    );\n    var options = L.Util.extend({}, {\n        layers: [base],\n        attributionControl: false\n    },\n    {\"zoomControl\":false,\"scrollWheelZoom\":true,\"doubleClickZoom\":false,\"fitBounds\":false,\"minZoom\":0,\"maxZoom\":19,\"maxBounds\":null,\"attribution\":\"<a href=\\\"http:\\\/\\\/leafletjs.com\\\" title=\\\"A JS library for interactive maps\\\">Leaflet<\\\/a>; \\u00a9 <a href=\\\"http:\\\/\\\/www.openstreetmap.org\\\/copyright\\\">OpenStreetMap<\\\/a> contributors\"},\n    {});\nwindow.WPLeafletMapPlugin.createMap(options).setView([42.759642214078,10.112534188513],14);});<\/script>\n\n<script>\nwindow.WPLeafletMapPlugin = window.WPLeafletMapPlugin || [];\nwindow.WPLeafletMapPlugin.push(function WPLeafletMarkerShortcode() {\/*<script>*\/\nvar map = window.WPLeafletMapPlugin.getCurrentMap();\nvar group = window.WPLeafletMapPlugin.getCurrentGroup();\nvar marker_options = window.WPLeafletMapPlugin.getIconOptions({\"draggable\":true});\nvar marker = L.marker(\n    [0,0],\n    marker_options\n);\nvar is_image = map.is_image_map;\n    marker.setLatLng( map.getCenter() );\nif (marker_options.draggable) {\n    marker.on('dragend', function () {\n        var latlng = this.getLatLng();\n        var lat = latlng.lat;\n        var lng = latlng.lng;\n        if (is_image) {\n            console.log('leaflet-marker y=' + lat + ' x=' + lng);\n        } else {\n            console.log('leaflet-marker lat=' + lat + ' lng=' + lng);\n        }\n    });\n}\nmarker.addTo( group );\nwindow.WPLeafletMapPlugin.markers.push( marker );\n        });<\/script><\/div>\n\t\t\t\t\t\t<\/div>\n\t\t\t\t<\/div>\n\t\t\t\t\t<\/div>\n\t\t<\/div>\n\t\t\t\t\t<\/div>\n\t\t<\/section>\n\t\t\t\t<section class=\"elementor-section elementor-top-section elementor-element elementor-element-6e6c725 elementor-section-content-middle elementor-section-full_width elementor-section-height-default elementor-section-height-default\" data-id=\"6e6c725\" data-element_type=\"section\">\n\t\t\t\t\t\t<div class=\"elementor-container elementor-column-gap-no\">\n\t\t\t\t\t<div class=\"elementor-column elementor-col-100 elementor-top-column elementor-element elementor-element-f0542a1\" data-id=\"f0542a1\" data-element_type=\"column\">\n\t\t\t<div class=\"elementor-widget-wrap elementor-element-populated\">\n\t\t\t\t\t\t<section class=\"elementor-section elementor-inner-section elementor-element elementor-element-ec2b50e elementor-section-boxed elementor-section-height-default elementor-section-height-default\" data-id=\"ec2b50e\" data-element_type=\"section\">\n\t\t\t\t\t\t<div class=\"elementor-container elementor-column-gap-default\">\n\t\t\t\t\t<div class=\"elementor-column elementor-col-100 elementor-inner-column elementor-element elementor-element-7a62c2c\" data-id=\"7a62c2c\" data-element_type=\"column\">\n\t\t\t<div class=\"elementor-widget-wrap elementor-element-populated\">\n\t\t\t\t\t\t<div class=\"elementor-element elementor-element-a3f9346 elementor-widget elementor-widget-heading\" data-id=\"a3f9346\" data-element_type=\"widget\" data-widget_type=\"heading.default\">\n\t\t\t\t<div class=\"elementor-widget-container\">\n\t\t\t\t\t<div class=\"elementor-heading-title elementor-size-default\">Zwischen dem Gr\u00fcn der Berge und dem intensiven Blau des Meeres<\/div>\t\t\t\t<\/div>\n\t\t\t\t<\/div>\n\t\t\t\t\t<\/div>\n\t\t<\/div>\n\t\t\t\t\t<\/div>\n\t\t<\/section>\n\t\t\t\t<section class=\"elementor-section elementor-inner-section elementor-element elementor-element-5518f71 elementor-section-boxed elementor-section-height-default elementor-section-height-default\" data-id=\"5518f71\" data-element_type=\"section\">\n\t\t\t\t\t\t<div class=\"elementor-container elementor-column-gap-default\">\n\t\t\t\t\t<div class=\"elementor-column elementor-col-100 elementor-inner-column elementor-element elementor-element-621a232\" data-id=\"621a232\" data-element_type=\"column\">\n\t\t\t<div class=\"elementor-widget-wrap elementor-element-populated\">\n\t\t\t\t\t\t<div class=\"elementor-element elementor-element-c1b157e elementor-widget elementor-widget-heading\" data-id=\"c1b157e\" data-element_type=\"widget\" data-widget_type=\"heading.default\">\n\t\t\t\t<div class=\"elementor-widget-container\">\n\t\t\t\t\t<h2 class=\"elementor-heading-title elementor-size-default\">Chiessi<\/h2>\t\t\t\t<\/div>\n\t\t\t\t<\/div>\n\t\t\t\t<div class=\"elementor-element elementor-element-9833de5 elementor-widget elementor-widget-text-editor\" data-id=\"9833de5\" data-element_type=\"widget\" data-widget_type=\"text-editor.default\">\n\t\t\t\t<div class=\"elementor-widget-container\">\n\t\t\t\t\t\t\t\t\t<p>Chiessi ist ein malerischer Badeort an der Westk\u00fcste von Elba, der direkt auf das Meer blickt. Es bietet selten sch\u00f6ne Sonnenunterg\u00e4nge, mit Korsika, Pianosa und Capraia, die am Horizont hervortreten.<\/p><p>Das kleine Dorf, mit seinen wei\u00dfen H\u00e4usern, hebt sich zwischen dem Gr\u00fcn der Berge und dem intensiven Blau des Meeres hervor. Die privilegierte Lage erm\u00f6glicht es, das Meer sowohl von der Klippe als auch vom kleinen Kieselstrand aus zu genie\u00dfen, der vollst\u00e4ndig frei und ohne Badeeinrichtungen ist.<\/p><p>Chiessi ist auch ein idealer Ausgangspunkt, um die zahlreichen Wanderwege zu erkunden, die bis zum Gipfel des Berges f\u00fchren und dabei G\u00e4rten und Weinberge durchqueren.<\/p><p>Diese wundersch\u00f6nen Panoramawege sind vor allem in der Nebensaison bei Wanderern, Radfahrern und Sportbegeisterten wie Sky Trail und Nordic Walking sehr beliebt.<\/p><p>F\u00fcr diejenigen, die sich an einem Sandstrand sonnen m\u00f6chten, befinden sich in nur f\u00fcnf Minuten Entfernung der Strand von Fetovaia (5 km) und entlang des Westlichen Rings die Str\u00e4nde von Seccheto, Cavoli und Marina di Campo, letzterer ein Muss f\u00fcr diejenigen, die das Nachtleben lieben.<\/p><p>Der n\u00e4chste Supermarkt sowie Tabakladen und Bazar befinden sich etwa einen Kilometer entfernt im nahegelegenen Ort Pomonte.<\/p>\t\t\t\t\t\t\t\t<\/div>\n\t\t\t\t<\/div>\n\t\t\t\t\t<\/div>\n\t\t<\/div>\n\t\t\t\t\t<\/div>\n\t\t<\/section>\n\t\t\t\t<section class=\"elementor-section elementor-inner-section elementor-element elementor-element-5963852 elementor-section-full_width elementor-section-height-default elementor-section-height-default\" data-id=\"5963852\" data-element_type=\"section\">\n\t\t\t\t\t\t<div class=\"elementor-container elementor-column-gap-no\">\n\t\t\t\t\t<div class=\"elementor-column elementor-col-100 elementor-inner-column elementor-element elementor-element-c0b1231\" data-id=\"c0b1231\" data-element_type=\"column\">\n\t\t\t<div class=\"elementor-widget-wrap elementor-element-populated\">\n\t\t\t\t\t\t<div class=\"elementor-element elementor-element-7a3213c elementor-widget elementor-widget-kinsley-about-gallery\" data-id=\"7a3213c\" data-element_type=\"widget\" data-widget_type=\"kinsley-about-gallery.default\">\n\t\t\t\t<div class=\"elementor-widget-container\">\n\t\t\t\t\t\n\t\t<!-- gallery -->\n\t  <section class=\"knsl-transition-none knsl-p-0-100\">\n    \t\n\t\t        <div class=\"row align-items-center\">\n          \n                    <div class=\"col-lg-12 knsl-about-slider-fully\">\n\n            <!-- slider -->\n            <div class=\"swiper-container knsl-about-slider knsl-scroll-animation\">\n              <div class=\"swiper-wrapper\">\n                                <div class=\"swiper-slide\">\n\n                  <!-- gallery item -->\n                  <div class=\"knsl-image-frame\">\n                  \t                    \t\t\t\t\t<a data-elementor-lightbox-slideshow=\"about-gallery\" data-elementor-lightbox-title=\"\" href=\"https:\/\/www.hotelauroraelba.it\/wp-content\/uploads\/2024\/11\/htl-aurora-drone-0262-HDR-43.jpg\">\n\t\t\t\t\t                      <img decoding=\"async\" src=\"https:\/\/www.hotelauroraelba.it\/wp-content\/uploads\/2024\/11\/htl-aurora-drone-0262-HDR-43.jpg\" alt=\"\" \/>\n                                            <span class=\"knsl-zoom\"><i class=\"fas fa-search-plus\"><\/i><\/span>\n                    <\/a>\n                                      <\/div>\n                  <!-- gallery item end -->\n\n                <\/div>\n                                <div class=\"swiper-slide\">\n\n                  <!-- gallery item -->\n                  <div class=\"knsl-image-frame\">\n                  \t                    \t\t\t\t\t<a data-elementor-lightbox-slideshow=\"about-gallery\" data-elementor-lightbox-title=\"\" href=\"https:\/\/www.hotelauroraelba.it\/wp-content\/uploads\/2024\/11\/htl-aurora-drone-0256-HDR-42.jpg\">\n\t\t\t\t\t                      <img decoding=\"async\" src=\"https:\/\/www.hotelauroraelba.it\/wp-content\/uploads\/2024\/11\/htl-aurora-drone-0256-HDR-42.jpg\" alt=\"\" \/>\n                                            <span class=\"knsl-zoom\"><i class=\"fas fa-search-plus\"><\/i><\/span>\n                    <\/a>\n                                      <\/div>\n                  <!-- gallery item end -->\n\n                <\/div>\n                                <div class=\"swiper-slide\">\n\n                  <!-- gallery item -->\n                  <div class=\"knsl-image-frame\">\n                  \t                    \t\t\t\t\t<a data-elementor-lightbox-slideshow=\"about-gallery\" data-elementor-lightbox-title=\"\" href=\"https:\/\/www.hotelauroraelba.it\/wp-content\/uploads\/2024\/11\/chiessi-1000004124.jpg\">\n\t\t\t\t\t                      <img decoding=\"async\" src=\"https:\/\/www.hotelauroraelba.it\/wp-content\/uploads\/2024\/11\/chiessi-1000004124.jpg\" alt=\"\" \/>\n                                            <span class=\"knsl-zoom\"><i class=\"fas fa-search-plus\"><\/i><\/span>\n                    <\/a>\n                                      <\/div>\n                  <!-- gallery item end -->\n\n                <\/div>\n                                <div class=\"swiper-slide\">\n\n                  <!-- gallery item -->\n                  <div class=\"knsl-image-frame\">\n                  \t                    \t\t\t\t\t<a data-elementor-lightbox-slideshow=\"about-gallery\" data-elementor-lightbox-title=\"\" href=\"https:\/\/www.hotelauroraelba.it\/wp-content\/uploads\/2024\/11\/htl-aurora-drone-0280-HDR-47.jpg\">\n\t\t\t\t\t                      <img decoding=\"async\" src=\"https:\/\/www.hotelauroraelba.it\/wp-content\/uploads\/2024\/11\/htl-aurora-drone-0280-HDR-47.jpg\" alt=\"\" \/>\n                                            <span class=\"knsl-zoom\"><i class=\"fas fa-search-plus\"><\/i><\/span>\n                    <\/a>\n                                      <\/div>\n                  <!-- gallery item end -->\n\n                <\/div>\n                                <div class=\"swiper-slide\">\n\n                  <!-- gallery item -->\n                  <div class=\"knsl-image-frame\">\n                  \t                    \t\t\t\t\t<a data-elementor-lightbox-slideshow=\"about-gallery\" data-elementor-lightbox-title=\"\" href=\"https:\/\/www.hotelauroraelba.it\/wp-content\/uploads\/2024\/11\/chiessi-1000004113.jpg\">\n\t\t\t\t\t                      <img decoding=\"async\" src=\"https:\/\/www.hotelauroraelba.it\/wp-content\/uploads\/2024\/11\/chiessi-1000004113.jpg\" alt=\"\" \/>\n                                            <span class=\"knsl-zoom\"><i class=\"fas fa-search-plus\"><\/i><\/span>\n                    <\/a>\n                                      <\/div>\n                  <!-- gallery item end -->\n\n                <\/div>\n                                <div class=\"swiper-slide\">\n\n                  <!-- gallery item -->\n                  <div class=\"knsl-image-frame\">\n                  \t                    \t\t\t\t\t<a data-elementor-lightbox-slideshow=\"about-gallery\" data-elementor-lightbox-title=\"\" href=\"https:\/\/www.hotelauroraelba.it\/wp-content\/uploads\/2024\/11\/htl-aurora-drone-0289-HDR-49.jpg\">\n\t\t\t\t\t                      <img decoding=\"async\" src=\"https:\/\/www.hotelauroraelba.it\/wp-content\/uploads\/2024\/11\/htl-aurora-drone-0289-HDR-49.jpg\" alt=\"\" \/>\n                                            <span class=\"knsl-zoom\"><i class=\"fas fa-search-plus\"><\/i><\/span>\n                    <\/a>\n                                      <\/div>\n                  <!-- gallery item end -->\n\n                <\/div>\n                                <div class=\"swiper-slide\">\n\n                  <!-- gallery item -->\n                  <div class=\"knsl-image-frame\">\n                  \t                    \t\t\t\t\t<a data-elementor-lightbox-slideshow=\"about-gallery\" data-elementor-lightbox-title=\"\" href=\"https:\/\/www.hotelauroraelba.it\/wp-content\/uploads\/2024\/11\/chiessi_0338.jpg\">\n\t\t\t\t\t                      <img decoding=\"async\" src=\"https:\/\/www.hotelauroraelba.it\/wp-content\/uploads\/2024\/11\/chiessi_0338.jpg\" alt=\"\" \/>\n                                            <span class=\"knsl-zoom\"><i class=\"fas fa-search-plus\"><\/i><\/span>\n                    <\/a>\n                                      <\/div>\n                  <!-- gallery item end -->\n\n                <\/div>\n                              <\/div>\n\n              <!-- slider navigation -->\n              <div class=\"knsl-slider-nav-panel\">\n                <!-- pagination -->\n                <div class=\"knsl-about-slider-1-pagination\"><\/div>\n                <!-- navigation -->\n                <div class=\"knsl-about-slider-nav\">\n                  <div class=\"knsl-about-slider-1-prev\"><i class=\"fas fa-arrow-left\"><\/i><\/div>\n                  <div class=\"knsl-about-slider-1-next\"><i class=\"fas fa-arrow-right\"><\/i><\/div>\n                <\/div>\n                <!-- navigation end -->\n              <\/div>\n              <!-- slider navigation end -->\n\n            <\/div>\n            <!-- slider end -->\n\n          <\/div>\n          \n        <\/div>\n\t\t\n    <\/section>\n    <!-- gallery end -->\n\n\t\t\t\t\t\t<\/div>\n\t\t\t\t<\/div>\n\t\t\t\t\t<\/div>\n\t\t<\/div>\n\t\t\t\t\t<\/div>\n\t\t<\/section>\n\t\t\t\t\t<\/div>\n\t\t<\/div>\n\t\t\t\t\t<\/div>\n\t\t<\/section>\n\t\t\t\t<\/div>\n\t\t","protected":false},"excerpt":{"rendered":"<p>Wo wir sind Chiessi Home So erreichen Sie das Hotel Aurora Das Hotel Aurora befindet sich in Chiessi, einem kleinen&#8230; <span class=\"knsl-el-more\"><a href=\"https:\/\/www.hotelauroraelba.it\/de\/wo-wir-sind\/\" class=\"knsl-btn\">Read more<span class=\"screen-reader-text\">Read more&nbsp;Wo wir sind<\/span><\/a><\/span><\/p>\n","protected":false},"author":2,"featured_media":0,"parent":0,"menu_order":0,"comment_status":"closed","ping_status":"closed","template":"template-layout-builder.php","meta":{"_acf_changed":false,"footnotes":""},"class_list":["post-9856","page","type-page","status-publish","hentry"],"acf":[],"_links":{"self":[{"href":"https:\/\/www.hotelauroraelba.it\/de\/wp-json\/wp\/v2\/pages\/9856","targetHints":{"allow":["GET"]}}],"collection":[{"href":"https:\/\/www.hotelauroraelba.it\/de\/wp-json\/wp\/v2\/pages"}],"about":[{"href":"https:\/\/www.hotelauroraelba.it\/de\/wp-json\/wp\/v2\/types\/page"}],"author":[{"embeddable":true,"href":"https:\/\/www.hotelauroraelba.it\/de\/wp-json\/wp\/v2\/users\/2"}],"replies":[{"embeddable":true,"href":"https:\/\/www.hotelauroraelba.it\/de\/wp-json\/wp\/v2\/comments?post=9856"}],"version-history":[{"count":5,"href":"https:\/\/www.hotelauroraelba.it\/de\/wp-json\/wp\/v2\/pages\/9856\/revisions"}],"predecessor-version":[{"id":10131,"href":"https:\/\/www.hotelauroraelba.it\/de\/wp-json\/wp\/v2\/pages\/9856\/revisions\/10131"}],"wp:attachment":[{"href":"https:\/\/www.hotelauroraelba.it\/de\/wp-json\/wp\/v2\/media?parent=9856"}],"curies":[{"name":"wp","href":"https:\/\/api.w.org\/{rel}","templated":true}]}}