{"id":9874,"date":"2024-11-13T16:33:31","date_gmt":"2024-11-13T15:33:31","guid":{"rendered":"http:\/\/aurora.youelba.com\/sport-e-natura\/"},"modified":"2024-12-09T11:16:19","modified_gmt":"2024-12-09T10:16:19","slug":"sport-und-natur","status":"publish","type":"page","link":"https:\/\/www.hotelauroraelba.it\/de\/sport-und-natur\/","title":{"rendered":"Sport und Natur"},"content":{"rendered":"\t\t<div data-elementor-type=\"wp-page\" data-elementor-id=\"9874\" class=\"elementor elementor-9874 elementor-8921\">\n\t\t\t\t\t\t<section class=\"elementor-section elementor-top-section elementor-element elementor-element-31f511b elementor-section-full_width elementor-section-height-default elementor-section-height-default\" data-id=\"31f511b\" data-element_type=\"section\" data-settings=\"{&quot;shape_divider_bottom&quot;:&quot;wave-brush&quot;}\">\n\t\t\t\t\t<div class=\"elementor-shape elementor-shape-bottom\" data-negative=\"false\">\n\t\t\t<svg xmlns=\"http:\/\/www.w3.org\/2000\/svg\" viewBox=\"0 0 283.5 27.8\" preserveAspectRatio=\"none\">\n\t<path class=\"elementor-shape-fill\" d=\"M283.5,9.7c0,0-7.3,4.3-14,4.6c-6.8,0.3-12.6,0-20.9-1.5c-11.3-2-33.1-10.1-44.7-5.7\ts-12.1,4.6-18,7.4c-6.6,3.2-20,9.6-36.6,9.3C131.6,23.5,99.5,7.2,86.3,8c-1.4,0.1-6.6,0.8-10.5,2c-3.8,1.2-9.4,3.8-17,4.7\tc-3.2,0.4-8.3,1.1-14.2,0.9c-1.5-0.1-6.3-0.4-12-1.6c-5.7-1.2-11-3.1-15.8-3.7C6.5,9.2,0,10.8,0,10.8V0h283.5V9.7z M260.8,11.3\tc-0.7-1-2-0.4-4.3-0.4c-2.3,0-6.1-1.2-5.8-1.1c0.3,0.1,3.1,1.5,6,1.9C259.7,12.2,261.4,12.3,260.8,11.3z M242.4,8.6\tc0,0-2.4-0.2-5.6-0.9c-3.2-0.8-10.3-2.8-15.1-3.5c-8.2-1.1-15.8,0-15.1,0.1c0.8,0.1,9.6-0.6,17.6,1.1c3.3,0.7,9.3,2.2,12.4,2.7\tC239.9,8.7,242.4,8.6,242.4,8.6z M185.2,8.5c1.7-0.7-13.3,4.7-18.5,6.1c-2.1,0.6-6.2,1.6-10,2c-3.9,0.4-8.9,0.4-8.8,0.5\tc0,0.2,5.8,0.8,11.2,0c5.4-0.8,5.2-1.1,7.6-1.6C170.5,14.7,183.5,9.2,185.2,8.5z M199.1,6.9c0.2,0-0.8-0.4-4.8,1.1\tc-4,1.5-6.7,3.5-6.9,3.7c-0.2,0.1,3.5-1.8,6.6-3C197,7.5,199,6.9,199.1,6.9z M283,6c-0.1,0.1-1.9,1.1-4.8,2.5s-6.9,2.8-6.7,2.7\tc0.2,0,3.5-0.6,7.4-2.5C282.8,6.8,283.1,5.9,283,6z M31.3,11.6c0.1-0.2-1.9-0.2-4.5-1.2s-5.4-1.6-7.8-2C15,7.6,7.3,8.5,7.7,8.6\tC8,8.7,15.9,8.3,20.2,9.3c2.2,0.5,2.4,0.5,5.7,1.6S31.2,11.9,31.3,11.6z M73,9.2c0.4-0.1,3.5-1.6,8.4-2.6c4.9-1.1,8.9-0.5,8.9-0.8\tc0-0.3-1-0.9-6.2-0.3S72.6,9.3,73,9.2z M71.6,6.7C71.8,6.8,75,5.4,77.3,5c2.3-0.3,1.9-0.5,1.9-0.6c0-0.1-1.1-0.2-2.7,0.2\tC74.8,5.1,71.4,6.6,71.6,6.7z M93.6,4.4c0.1,0.2,3.5,0.8,5.6,1.8c2.1,1,1.8,0.6,1.9,0.5c0.1-0.1-0.8-0.8-2.4-1.3\tC97.1,4.8,93.5,4.2,93.6,4.4z M65.4,11.1c-0.1,0.3,0.3,0.5,1.9-0.2s2.6-1.3,2.2-1.2s-0.9,0.4-2.5,0.8C65.3,10.9,65.5,10.8,65.4,11.1\tz M34.5,12.4c-0.2,0,2.1,0.8,3.3,0.9c1.2,0.1,2,0.1,2-0.2c0-0.3-0.1-0.5-1.6-0.4C36.6,12.8,34.7,12.4,34.5,12.4z M152.2,21.1\tc-0.1,0.1-2.4-0.3-7.5-0.3c-5,0-13.6-2.4-17.2-3.5c-3.6-1.1,10,3.9,16.5,4.1C150.5,21.6,152.3,21,152.2,21.1z\"\/>\n\t<path class=\"elementor-shape-fill\" d=\"M269.6,18c-0.1-0.1-4.6,0.3-7.2,0c-7.3-0.7-17-3.2-16.6-2.9c0.4,0.3,13.7,3.1,17,3.3\tC267.7,18.8,269.7,18,269.6,18z\"\/>\n\t<path class=\"elementor-shape-fill\" d=\"M227.4,9.8c-0.2-0.1-4.5-1-9.5-1.2c-5-0.2-12.7,0.6-12.3,0.5c0.3-0.1,5.9-1.8,13.3-1.2\tS227.6,9.9,227.4,9.8z\"\/>\n\t<path class=\"elementor-shape-fill\" d=\"M204.5,13.4c-0.1-0.1,2-1,3.2-1.1c1.2-0.1,2,0,2,0.3c0,0.3-0.1,0.5-1.6,0.4\tC206.4,12.9,204.6,13.5,204.5,13.4z\"\/>\n\t<path class=\"elementor-shape-fill\" d=\"M201,10.6c0-0.1-4.4,1.2-6.3,2.2c-1.9,0.9-6.2,3.1-6.1,3.1c0.1,0.1,4.2-1.6,6.3-2.6\tS201,10.7,201,10.6z\"\/>\n\t<path class=\"elementor-shape-fill\" d=\"M154.5,26.7c-0.1-0.1-4.6,0.3-7.2,0c-7.3-0.7-17-3.2-16.6-2.9c0.4,0.3,13.7,3.1,17,3.3\tC152.6,27.5,154.6,26.8,154.5,26.7z\"\/>\n\t<path class=\"elementor-shape-fill\" d=\"M41.9,19.3c0,0,1.2-0.3,2.9-0.1c1.7,0.2,5.8,0.9,8.2,0.7c4.2-0.4,7.4-2.7,7-2.6\tc-0.4,0-4.3,2.2-8.6,1.9c-1.8-0.1-5.1-0.5-6.7-0.4S41.9,19.3,41.9,19.3z\"\/>\n\t<path class=\"elementor-shape-fill\" d=\"M75.5,12.6c0.2,0.1,2-0.8,4.3-1.1c2.3-0.2,2.1-0.3,2.1-0.5c0-0.1-1.8-0.4-3.4,0\tC76.9,11.5,75.3,12.5,75.5,12.6z\"\/>\n\t<path class=\"elementor-shape-fill\" d=\"M15.6,13.2c0-0.1,4.3,0,6.7,0.5c2.4,0.5,5,1.9,5,2c0,0.1-2.7-0.8-5.1-1.4\tC19.9,13.7,15.7,13.3,15.6,13.2z\"\/>\n<\/svg>\t\t<\/div>\n\t\t\t\t\t<div class=\"elementor-container elementor-column-gap-no\">\n\t\t\t\t\t<div class=\"elementor-column elementor-col-100 elementor-top-column elementor-element elementor-element-e03bbe6\" data-id=\"e03bbe6\" data-element_type=\"column\">\n\t\t\t<div class=\"elementor-widget-wrap elementor-element-populated\">\n\t\t\t\t\t\t<div class=\"elementor-element elementor-element-4b0f013 elementor-widget elementor-widget-kinsley-intro\" data-id=\"4b0f013\" data-element_type=\"widget\" data-widget_type=\"kinsley-intro.default\">\n\t\t\t\t<div class=\"elementor-widget-container\">\n\t\t\t\t\t\n    <!-- banner -->\n    <section class=\"knsl-banner-simple knsl-transition-bottom knsl-banner-white\">\n      \n\t  \t  <div class=\"knsl-cover-frame\">\n\t\t\t\t\t\t<div style=\"background-image: url('https:\/\/www.hotelauroraelba.it\/wp-content\/uploads\/2024\/11\/freeclimbing.jpg');\" class=\"knsl-parallax knsl-banner-slide\"><\/div>\n\t\t\t\t\t\t\t\t\t  <\/div>\n\t  <div class=\"knsl-overlay\" style=\"opacity: 0.2;\"><\/div>\n\t  \n      <div class=\"container\">\n        <div class=\"row\">\n          <div class=\"col-lg-12\">\n\n            <div class=\"knsl-center knsl-title-frame title-pos-top\">\n                            <h1 class=\"knsl-title--h knsl-mb-20 knsl-h1-inner\">\n                <span >\n                    Sport und Natur                <\/span>\n              <\/h1>\n                                          <p class=\"knsl-text knsl-mb-30\">\n                <span >\n                    Aktivit\u00e4ten auf der Insel Elba                <\/span>\n              <\/p>\n              \n              <ul class=\"knsl-breadcrumbs\"><li><a href=\"https:\/\/www.hotelauroraelba.it\/de\/\" title=\"Hotel Aurora Elba\">Home<\/a><\/li><li class=\"tst-active\"><a><\/a><\/li><\/ul>\n            <\/div>\n\n          <\/div>\n        <\/div>\n      <\/div>\n    <\/section>\n    <!-- banner end -->\n\n\t\t\t\t\t\t<\/div>\n\t\t\t\t<\/div>\n\t\t\t\t\t<\/div>\n\t\t<\/div>\n\t\t\t\t\t<\/div>\n\t\t<\/section>\n\t\t\t\t<section class=\"elementor-section elementor-top-section elementor-element elementor-element-342e487 elementor-section-content-middle elementor-section-full_width elementor-section-height-default elementor-section-height-default\" data-id=\"342e487\" data-element_type=\"section\">\n\t\t\t\t\t\t<div class=\"elementor-container elementor-column-gap-no\">\n\t\t\t\t\t<div class=\"elementor-column elementor-col-100 elementor-top-column elementor-element elementor-element-13cbc20\" data-id=\"13cbc20\" data-element_type=\"column\">\n\t\t\t<div class=\"elementor-widget-wrap elementor-element-populated\">\n\t\t\t\t\t\t<section class=\"elementor-section elementor-inner-section elementor-element elementor-element-ac67cf1 elementor-section-boxed elementor-section-height-default elementor-section-height-default\" data-id=\"ac67cf1\" data-element_type=\"section\">\n\t\t\t\t\t\t<div class=\"elementor-container elementor-column-gap-default\">\n\t\t\t\t\t<div class=\"elementor-column elementor-col-100 elementor-inner-column elementor-element elementor-element-f2c6729\" data-id=\"f2c6729\" data-element_type=\"column\">\n\t\t\t<div class=\"elementor-widget-wrap elementor-element-populated\">\n\t\t\t\t\t\t<div class=\"elementor-element elementor-element-432a123 elementor-widget elementor-widget-heading\" data-id=\"432a123\" data-element_type=\"widget\" data-widget_type=\"heading.default\">\n\t\t\t\t<div class=\"elementor-widget-container\">\n\t\t\t\t\t<div class=\"elementor-heading-title elementor-size-default\">Einzigartige Erlebnisse und Outdoor-Aktivit\u00e4ten<\/div>\t\t\t\t<\/div>\n\t\t\t\t<\/div>\n\t\t\t\t\t<\/div>\n\t\t<\/div>\n\t\t\t\t\t<\/div>\n\t\t<\/section>\n\t\t\t\t<section class=\"elementor-section elementor-inner-section elementor-element elementor-element-03decb6 elementor-section-boxed elementor-section-height-default elementor-section-height-default\" data-id=\"03decb6\" data-element_type=\"section\">\n\t\t\t\t\t\t<div class=\"elementor-container elementor-column-gap-default\">\n\t\t\t\t\t<div class=\"elementor-column elementor-col-50 elementor-inner-column elementor-element elementor-element-27911ac\" data-id=\"27911ac\" data-element_type=\"column\">\n\t\t\t<div class=\"elementor-widget-wrap elementor-element-populated\">\n\t\t\t\t\t\t<div class=\"elementor-element elementor-element-bba3113 elementor-widget elementor-widget-heading\" data-id=\"bba3113\" data-element_type=\"widget\" data-widget_type=\"heading.default\">\n\t\t\t\t<div class=\"elementor-widget-container\">\n\t\t\t\t\t<h2 class=\"elementor-heading-title elementor-size-default\">Eine Insel f\u00fcr Sportbegeisterte und Naturliebhaber<\/h2>\t\t\t\t<\/div>\n\t\t\t\t<\/div>\n\t\t\t\t\t<\/div>\n\t\t<\/div>\n\t\t\t\t<div class=\"elementor-column elementor-col-50 elementor-inner-column elementor-element elementor-element-1f8b670\" data-id=\"1f8b670\" data-element_type=\"column\">\n\t\t\t<div class=\"elementor-widget-wrap elementor-element-populated\">\n\t\t\t\t\t\t<div class=\"elementor-element elementor-element-4cc2775 elementor-widget__width-initial elementor-widget elementor-widget-text-editor\" data-id=\"4cc2775\" data-element_type=\"widget\" data-widget_type=\"text-editor.default\">\n\t\t\t\t<div class=\"elementor-widget-container\">\n\t\t\t\t\t\t\t\t\t<p>Auf unserer sch\u00f6nen Insel ist es m\u00f6glich, die Sch\u00f6nheit des Meeres und der mediterranen Landschaft mit der M\u00f6glichkeit zu verbinden, Sportarten im Freien auszu\u00fcben.<\/p><p>Besonders in der Nebensaison bietet die Insel die ideale Umgebung f\u00fcr Sportbegeisterte und Naturliebhaber, immer unter vollst\u00e4ndigem Respekt vor der Umwelt und der lokalen Biodiversit\u00e4t.<\/p>\t\t\t\t\t\t\t\t<\/div>\n\t\t\t\t<\/div>\n\t\t\t\t\t<\/div>\n\t\t<\/div>\n\t\t\t\t\t<\/div>\n\t\t<\/section>\n\t\t\t\t\t<\/div>\n\t\t<\/div>\n\t\t\t\t\t<\/div>\n\t\t<\/section>\n\t\t\t\t<section class=\"elementor-section elementor-top-section elementor-element elementor-element-3853dbd elementor-section-full_width elementor-section-height-default elementor-section-height-default\" data-id=\"3853dbd\" data-element_type=\"section\" data-settings=\"{&quot;background_background&quot;:&quot;classic&quot;,&quot;shape_divider_top&quot;:&quot;wave-brush&quot;}\">\n\t\t\t\t\t<div class=\"elementor-shape elementor-shape-top\" data-negative=\"false\">\n\t\t\t<svg xmlns=\"http:\/\/www.w3.org\/2000\/svg\" viewBox=\"0 0 283.5 27.8\" preserveAspectRatio=\"none\">\n\t<path class=\"elementor-shape-fill\" d=\"M283.5,9.7c0,0-7.3,4.3-14,4.6c-6.8,0.3-12.6,0-20.9-1.5c-11.3-2-33.1-10.1-44.7-5.7\ts-12.1,4.6-18,7.4c-6.6,3.2-20,9.6-36.6,9.3C131.6,23.5,99.5,7.2,86.3,8c-1.4,0.1-6.6,0.8-10.5,2c-3.8,1.2-9.4,3.8-17,4.7\tc-3.2,0.4-8.3,1.1-14.2,0.9c-1.5-0.1-6.3-0.4-12-1.6c-5.7-1.2-11-3.1-15.8-3.7C6.5,9.2,0,10.8,0,10.8V0h283.5V9.7z M260.8,11.3\tc-0.7-1-2-0.4-4.3-0.4c-2.3,0-6.1-1.2-5.8-1.1c0.3,0.1,3.1,1.5,6,1.9C259.7,12.2,261.4,12.3,260.8,11.3z M242.4,8.6\tc0,0-2.4-0.2-5.6-0.9c-3.2-0.8-10.3-2.8-15.1-3.5c-8.2-1.1-15.8,0-15.1,0.1c0.8,0.1,9.6-0.6,17.6,1.1c3.3,0.7,9.3,2.2,12.4,2.7\tC239.9,8.7,242.4,8.6,242.4,8.6z M185.2,8.5c1.7-0.7-13.3,4.7-18.5,6.1c-2.1,0.6-6.2,1.6-10,2c-3.9,0.4-8.9,0.4-8.8,0.5\tc0,0.2,5.8,0.8,11.2,0c5.4-0.8,5.2-1.1,7.6-1.6C170.5,14.7,183.5,9.2,185.2,8.5z M199.1,6.9c0.2,0-0.8-0.4-4.8,1.1\tc-4,1.5-6.7,3.5-6.9,3.7c-0.2,0.1,3.5-1.8,6.6-3C197,7.5,199,6.9,199.1,6.9z M283,6c-0.1,0.1-1.9,1.1-4.8,2.5s-6.9,2.8-6.7,2.7\tc0.2,0,3.5-0.6,7.4-2.5C282.8,6.8,283.1,5.9,283,6z M31.3,11.6c0.1-0.2-1.9-0.2-4.5-1.2s-5.4-1.6-7.8-2C15,7.6,7.3,8.5,7.7,8.6\tC8,8.7,15.9,8.3,20.2,9.3c2.2,0.5,2.4,0.5,5.7,1.6S31.2,11.9,31.3,11.6z M73,9.2c0.4-0.1,3.5-1.6,8.4-2.6c4.9-1.1,8.9-0.5,8.9-0.8\tc0-0.3-1-0.9-6.2-0.3S72.6,9.3,73,9.2z M71.6,6.7C71.8,6.8,75,5.4,77.3,5c2.3-0.3,1.9-0.5,1.9-0.6c0-0.1-1.1-0.2-2.7,0.2\tC74.8,5.1,71.4,6.6,71.6,6.7z M93.6,4.4c0.1,0.2,3.5,0.8,5.6,1.8c2.1,1,1.8,0.6,1.9,0.5c0.1-0.1-0.8-0.8-2.4-1.3\tC97.1,4.8,93.5,4.2,93.6,4.4z M65.4,11.1c-0.1,0.3,0.3,0.5,1.9-0.2s2.6-1.3,2.2-1.2s-0.9,0.4-2.5,0.8C65.3,10.9,65.5,10.8,65.4,11.1\tz M34.5,12.4c-0.2,0,2.1,0.8,3.3,0.9c1.2,0.1,2,0.1,2-0.2c0-0.3-0.1-0.5-1.6-0.4C36.6,12.8,34.7,12.4,34.5,12.4z M152.2,21.1\tc-0.1,0.1-2.4-0.3-7.5-0.3c-5,0-13.6-2.4-17.2-3.5c-3.6-1.1,10,3.9,16.5,4.1C150.5,21.6,152.3,21,152.2,21.1z\"\/>\n\t<path class=\"elementor-shape-fill\" d=\"M269.6,18c-0.1-0.1-4.6,0.3-7.2,0c-7.3-0.7-17-3.2-16.6-2.9c0.4,0.3,13.7,3.1,17,3.3\tC267.7,18.8,269.7,18,269.6,18z\"\/>\n\t<path class=\"elementor-shape-fill\" d=\"M227.4,9.8c-0.2-0.1-4.5-1-9.5-1.2c-5-0.2-12.7,0.6-12.3,0.5c0.3-0.1,5.9-1.8,13.3-1.2\tS227.6,9.9,227.4,9.8z\"\/>\n\t<path class=\"elementor-shape-fill\" d=\"M204.5,13.4c-0.1-0.1,2-1,3.2-1.1c1.2-0.1,2,0,2,0.3c0,0.3-0.1,0.5-1.6,0.4\tC206.4,12.9,204.6,13.5,204.5,13.4z\"\/>\n\t<path class=\"elementor-shape-fill\" d=\"M201,10.6c0-0.1-4.4,1.2-6.3,2.2c-1.9,0.9-6.2,3.1-6.1,3.1c0.1,0.1,4.2-1.6,6.3-2.6\tS201,10.7,201,10.6z\"\/>\n\t<path class=\"elementor-shape-fill\" d=\"M154.5,26.7c-0.1-0.1-4.6,0.3-7.2,0c-7.3-0.7-17-3.2-16.6-2.9c0.4,0.3,13.7,3.1,17,3.3\tC152.6,27.5,154.6,26.8,154.5,26.7z\"\/>\n\t<path class=\"elementor-shape-fill\" d=\"M41.9,19.3c0,0,1.2-0.3,2.9-0.1c1.7,0.2,5.8,0.9,8.2,0.7c4.2-0.4,7.4-2.7,7-2.6\tc-0.4,0-4.3,2.2-8.6,1.9c-1.8-0.1-5.1-0.5-6.7-0.4S41.9,19.3,41.9,19.3z\"\/>\n\t<path class=\"elementor-shape-fill\" d=\"M75.5,12.6c0.2,0.1,2-0.8,4.3-1.1c2.3-0.2,2.1-0.3,2.1-0.5c0-0.1-1.8-0.4-3.4,0\tC76.9,11.5,75.3,12.5,75.5,12.6z\"\/>\n\t<path class=\"elementor-shape-fill\" d=\"M15.6,13.2c0-0.1,4.3,0,6.7,0.5c2.4,0.5,5,1.9,5,2c0,0.1-2.7-0.8-5.1-1.4\tC19.9,13.7,15.7,13.3,15.6,13.2z\"\/>\n<\/svg>\t\t<\/div>\n\t\t\t\t\t<div class=\"elementor-container elementor-column-gap-no\">\n\t\t\t\t\t<div class=\"elementor-column elementor-col-100 elementor-top-column elementor-element elementor-element-30f8759\" data-id=\"30f8759\" data-element_type=\"column\" data-settings=\"{&quot;background_background&quot;:&quot;classic&quot;}\">\n\t\t\t<div class=\"elementor-widget-wrap elementor-element-populated\">\n\t\t\t\t\t\t<div class=\"elementor-element elementor-element-64204cd elementor-widget elementor-widget-kinsley-about\" data-id=\"64204cd\" data-element_type=\"widget\" data-widget_type=\"kinsley-about.default\">\n\t\t\t\t<div class=\"elementor-widget-container\">\n\t\t\t\t\t\n\t\t<!-- about -->\n\t\t<section class=\"knsl-p-0-100\">\n\n\t\t\t\t\t<div class=\"knsl-about-card\">\n\t\t\t\t\t\t\t\t\t\t\t\t\t\t\t<div class=\"row no-gutters\">\t\t\t\t\t<div class=\"col-lg-6\">\n\t\t\t\t\t\t\t\t\t\t<div class=\"knsl-about-photo\">\n\t\t\t\t\t\t<img decoding=\"async\" src=\"https:\/\/www.hotelauroraelba.it\/wp-content\/uploads\/2024\/11\/trekking.jpg\" alt=\"\" \/>\n\t\t\t\t\t<\/div>\n\t\t\t\t\t\t\t\t\t\t<\/div>\n\t\t\t\t\t<div class=\"col-lg-6 align-self-center\">\n\t\t\t\t\t<div class=\"knsl-about-text\">\n\t\t\t\t\t\t<div class=\"knsl-title-frame\">\n\t\t\t\t\t\t\t\t\t\t\t\t<h2 class=\"knsl-mb-20\">\n\t\t\t\t\t\t\t<span >\n\t\t\t\t\t\t\t\t\t\t\tTrekking\t\t\t\t\t\t\t\t\t\t<\/span>\n\t\t\t\t\t\t<\/h2>\n\t\t\t\t\t\t\t\t\t\t\t\t\t\t\t\t\t\t\t<div class=\"knsl-text knsl-mb-30\">\n\t\t\t\t\t\t\t\t\t<div >\n\t\t\t\t\t\t\t\t\t\t\t\t<p>Chiessi ist der ideale Ausgangspunkt, um die Wanderwege des westlichen Rings der Insel Elba zu erkunden, die f\u00fcr ihre atemberaubenden Ausblicke und bezaubernden Landschaften bekannt sind. Diese Routen f\u00fchren durch wundersch\u00f6ne l\u00e4ndliche Landschaften, die von Gem\u00fcseg\u00e4rten, Weinbergen und malerischen Kastanienw\u00e4ldern gepr\u00e4gt sind, und bieten einzigartige Erlebnisse f\u00fcr Natur- und Trekkingliebhaber.<\/p><p>Nur wenige Meter vom Hotel Aurora entfernt beginnen zahlreiche Wanderwege, die sich entlang der K\u00fcste erstrecken und bis zu den umliegenden Gipfeln f\u00fchren. Unter diesen sticht der Weg 103 hervor, einer der bekanntesten und l\u00e4ngsten in der Region, der Marciana mit Chiessi oder Pomonte verbindet. In etwa vier Stunden Gehzeit bietet dieser Weg einige der spektakul\u00e4rsten Ausblicke auf die gesamte Insel Elba. Der Weg 103 bietet au\u00dferdem verschiedene Abzweigungen, die in die \u00fcppige mediterrane Vegetation eintauchen und im Fr\u00fchling w\u00e4hrend der Bl\u00fctezeit ihre gr\u00f6\u00dfte Pracht erreichen, mit einzigartigen Farben und D\u00fcften.<\/p><p>Andere Wanderwege f\u00fchren bis zum Monte Capanne, dem h\u00f6chsten Gipfel von Elba mit seinen 1.019 Metern \u00fcber dem Meeresspiegel, von dem aus man einen unglaublichen Blick auf den gesamten Toskanischen Archipel genie\u00dfen kann.<\/p><p>Alle Wanderwege in der Region sind in den CAI-F\u00fchrern markiert.<\/p>\t\t\t\t\t\t\t\t\t\t\t<\/div>\n\t\t\t\t\t\t\t\t\t<\/div>\n\t\t\t\t\t\t\t\t\t\t\t\t\t\t\t\t\t\t\t\t\t\t<a target=\"_blank\" href=\"https:\/\/www.siriobluevision.it\/mappeinterattive\/camponellelba-hotelaurora\/\" class=\"knsl-btn knsl-btn-md\">\n\t\t\t\t\t\t\t<span >\n\t\t\t\t\t\t\t\t\t\t\tInteraktive Karte der Wanderwege\t\t\t\t\t\t\t\t\t\t<\/span>\n\t\t\t\t\t\t<\/a>\n\t\t\t\t\t\t\t\t\t\t\t\t<\/div>\n\t\t\t\t\t<\/div>\n\t\t\t\t\t<\/div>\n\t\t\t\t\t\t\t\t\t\t\t\t\t\t\t\t\t\t\t\t\t\t<div class=\"col-lg-6 order-lg-2\">\n\t\t\t\t\t\t\t\t\t\t<div class=\"knsl-about-photo\">\n\t\t\t\t\t\t<img decoding=\"async\" src=\"https:\/\/www.hotelauroraelba.it\/wp-content\/uploads\/2024\/11\/bike_g0130457.jpg\" alt=\"\" \/>\n\t\t\t\t\t<\/div>\n\t\t\t\t\t\t\t\t\t\t<\/div>\n\t\t\t\t\t<div class=\"col-lg-6 align-self-center\">\n\t\t\t\t\t<div class=\"knsl-about-text\">\n\t\t\t\t\t\t<div class=\"knsl-title-frame\">\n\t\t\t\t\t\t\t\t\t\t\t\t<h2 class=\"knsl-mb-20\">\n\t\t\t\t\t\t\t<span >\n\t\t\t\t\t\t\t\t\t\t\tRadfahren auf der Stra\u00dfe, Mountainbike und E-Bike\t\t\t\t\t\t\t\t\t\t<\/span>\n\t\t\t\t\t\t<\/h2>\n\t\t\t\t\t\t\t\t\t\t\t\t\t\t\t\t\t\t\t<div class=\"knsl-text knsl-mb-30\">\n\t\t\t\t\t\t\t\t\t<div >\n\t\t\t\t\t\t\t\t\t\t\t\t<p>Die Insel Elba ist ein perfektes Ziel f\u00fcr Radsportbegeisterte, dank ihrer abwechslungsreichen Routen, die sowohl f\u00fcr Anf\u00e4nger als auch f\u00fcr erfahrene Radfahrer ideal sind. Die st\u00e4ndigen Auf- und Abstiege des Terrains bieten einen ausgezeichneten Trainingsplatz, perfekt f\u00fcr alle, die herausfordernde Erlebnisse auf zwei R\u00e4dern suchen.<\/p><p>F\u00fcr Mountainbike-Fans befindet sich nur wenige Kilometer von Chiessi entfernt eines der spektakul\u00e4rsten Landschaften der Insel, der Schauplatz des ber\u00fchmten Legend Cups, eines der aufregendsten und beliebtesten Rennen im weltweiten Circuit!<\/p><p>F\u00fcr diejenigen, die E-Bikes oder traditionelle Fahrr\u00e4der nutzen, stellt das Hotel Aurora einen sicheren Raum zur Verf\u00fcgung, um die Fahrr\u00e4der am Ende des Tages aufzubewahren. Au\u00dferdem k\u00f6nnen die E-Bikes bequem in diesem Bereich aufgeladen werden.<\/p>\t\t\t\t\t\t\t\t\t\t\t<\/div>\n\t\t\t\t\t\t\t\t\t<\/div>\n\t\t\t\t\t\t\t\t\t\t\t\t\t\t\t\t\t\t\t\t\t\t<\/div>\n\t\t\t\t\t<\/div>\n\t\t\t\t\t<\/div>\n\t\t\t\t\t<\/div>\t\t\t\t\t\t\t\t\t\t\t\t<div class=\"row no-gutters\">\t\t\t\t\t<div class=\"col-lg-6\">\n\t\t\t\t\t\t\t\t\t\t<div class=\"knsl-about-photo\">\n\t\t\t\t\t\t<img decoding=\"async\" src=\"https:\/\/www.hotelauroraelba.it\/wp-content\/uploads\/2024\/11\/wingfoil.jpg\" alt=\"\" \/>\n\t\t\t\t\t<\/div>\n\t\t\t\t\t\t\t\t\t\t<\/div>\n\t\t\t\t\t<div class=\"col-lg-6 align-self-center\">\n\t\t\t\t\t<div class=\"knsl-about-text\">\n\t\t\t\t\t\t<div class=\"knsl-title-frame\">\n\t\t\t\t\t\t\t\t\t\t\t\t<h2 class=\"knsl-mb-20\">\n\t\t\t\t\t\t\t<span >\n\t\t\t\t\t\t\t\t\t\t\tWindsurfen, Windfoilen und Wingfoilen\t\t\t\t\t\t\t\t\t\t<\/span>\n\t\t\t\t\t\t<\/h2>\n\t\t\t\t\t\t\t\t\t\t\t\t\t\t\t\t\t\t\t<div class=\"knsl-text knsl-mb-30\">\n\t\t\t\t\t\t\t\t\t<div >\n\t\t\t\t\t\t\t\t\t\t\t\t<p>Chiessi gilt als einer der besten Spots auf der Insel Elba f\u00fcr Windsportarten. Dank der konstanten thermischen Winde, die fast das ganze Jahr \u00fcber wehen, ist dieser Ort perfekt f\u00fcr Freeride auf flachem Wasser oder mit kleinen Wellen und zieht Praktizierende jeden Levels an, vom Anf\u00e4nger bis hin zum erfahrenen Racer oder Freestyler.<\/p><p>Empfehlungen f\u00fcr die Ausr\u00fcstung:<\/p><ul><li>Boards: Freestyle, Slalom, Race (von 95 bis 150 Litern)<\/li><li>Segel: Freestyle, Freeride, Race (von 5 bis 11 Metern)<br \/>In den letzten Jahren hat Chiessi auch Fans des Windfoils und Wingfoils gewonnen, aufkommende Sportarten, die die Welt des Wassersports revolutionieren.<br \/>F\u00fcr weitere Informationen und Ratschl\u00e4ge zu Spots und Ausr\u00fcstung k\u00f6nnen Sie sich an Giorgio wenden, einen leidenschaftlichen Praktizierenden mit \u00fcber drei\u00dfig Jahren Erfahrung.<\/li><\/ul>\t\t\t\t\t\t\t\t\t\t\t<\/div>\n\t\t\t\t\t\t\t\t\t<\/div>\n\t\t\t\t\t\t\t\t\t\t\t\t\t\t\t\t\t\t\t\t\t\t<\/div>\n\t\t\t\t\t<\/div>\n\t\t\t\t\t<\/div>\n\t\t\t\t\t\t\t\t\t\t\t\t\t\t\t\t\t\t\t\t\t\t<div class=\"col-lg-6 order-lg-2\">\n\t\t\t\t\t\t\t\t\t\t<div class=\"knsl-about-photo\">\n\t\t\t\t\t\t<img decoding=\"async\" src=\"https:\/\/www.hotelauroraelba.it\/wp-content\/uploads\/2024\/11\/subacquea-isoladelba-0502.jpg\" alt=\"\" \/>\n\t\t\t\t\t<\/div>\n\t\t\t\t\t\t\t\t\t\t<\/div>\n\t\t\t\t\t<div class=\"col-lg-6 align-self-center\">\n\t\t\t\t\t<div class=\"knsl-about-text\">\n\t\t\t\t\t\t<div class=\"knsl-title-frame\">\n\t\t\t\t\t\t\t\t\t\t\t\t<h2 class=\"knsl-mb-20\">\n\t\t\t\t\t\t\t<span >\n\t\t\t\t\t\t\t\t\t\t\tTauchen und Schnorcheln\t\t\t\t\t\t\t\t\t\t<\/span>\n\t\t\t\t\t\t<\/h2>\n\t\t\t\t\t\t\t\t\t\t\t\t\t\t\t\t\t\t\t<div class=\"knsl-text knsl-mb-30\">\n\t\t\t\t\t\t\t\t\t<div >\n\t\t\t\t\t\t\t\t\t\t\t\t<p>Die Region Chiessi ist ideal f\u00fcr Tauch- und Schnorchelfans, dank ihres felsigen Meeresbodens, der reich an Spalten und H\u00f6hlen ist. Hier trifft man leicht auf Cernien, Mur\u00e4nen und viele andere Arten der Unterwasserwelt.<\/p><p>Eine der unvergesslichen Unterwasserattraktionen ist das Schiffswrack der Elviscott, das 1972 gesunken ist. Heute ist dieses versunkene Schiff die Heimat vieler Fische und stellt einen faszinierenden Halt f\u00fcr alle dar, die die Sch\u00e4tze des Meeres entdecken m\u00f6chten. Das Wrack befindet sich in Pomonte, nur 1,5 km vom Hotel entfernt.<\/p><p>F\u00fcr diejenigen, die das Taucherlebnis vertiefen m\u00f6chten, befindet sich das n\u00e4chstgelegene Tauchzentrum in Sant'Andrea, etwa 9,4 km von Chiessi entfernt.<\/p>\t\t\t\t\t\t\t\t\t\t\t<\/div>\n\t\t\t\t\t\t\t\t\t<\/div>\n\t\t\t\t\t\t\t\t\t\t\t\t\t\t\t\t\t\t\t\t\t\t<\/div>\n\t\t\t\t\t<\/div>\n\t\t\t\t\t<\/div>\n\t\t\t\t\t<\/div>\t\t\t\t\t\t\t\t\t\t\t\t<div class=\"row no-gutters\">\t\t\t\t\t<div class=\"col-lg-6\">\n\t\t\t\t\t\t\t\t\t\t<div class=\"knsl-about-photo\">\n\t\t\t\t\t\t<img decoding=\"async\" src=\"https:\/\/www.hotelauroraelba.it\/wp-content\/uploads\/2024\/11\/freeclimbing_sanbartolomeo_01.jpg\" alt=\"\" \/>\n\t\t\t\t\t<\/div>\n\t\t\t\t\t\t\t\t\t\t<\/div>\n\t\t\t\t\t<div class=\"col-lg-6 align-self-center\">\n\t\t\t\t\t<div class=\"knsl-about-text\">\n\t\t\t\t\t\t<div class=\"knsl-title-frame\">\n\t\t\t\t\t\t\t\t\t\t\t\t<h2 class=\"knsl-mb-20\">\n\t\t\t\t\t\t\t<span >\n\t\t\t\t\t\t\t\t\t\t\tFreeclimbing\t\t\t\t\t\t\t\t\t\t<\/span>\n\t\t\t\t\t\t<\/h2>\n\t\t\t\t\t\t\t\t\t\t\t\t\t\t\t\t\t\t\t<div class=\"knsl-text knsl-mb-30\">\n\t\t\t\t\t\t\t\t\t<div >\n\t\t\t\t\t\t\t\t\t\t\t\t<p>Chiessi ist auch ein ideales Ziel f\u00fcr Freeclimbing-Fans, dank der N\u00e4he der Felsenwand des Monte San Bartolomeo, die als eine der besten nat\u00fcrlichen Kletterg\u00e4rten der Insel Elba gilt. Die Felsenwand befindet sich etwa 45 Minuten zu Fu\u00df vom Hotel entfernt und ist \u00fcber den CAI-Weg Nummer 103 erreichbar.<\/p><p>Die Felsenwand des Monte San Bartolomeo erstreckt sich \u00fcber zwei Ebenen:<\/p><ul><li>Erste Ebene: Zug\u00e4nglich \u00fcber eine Abzweigung im Wanderweg, mit Mehrseill\u00e4ngenrouten.<\/li><li>Obere Ebene: Besteht haupts\u00e4chlich aus Einseill\u00e4ngenrouten.<\/li><\/ul><p>Au\u00dferdem f\u00fchrt eine kurze Klettersteigroute zum Gipfel.<\/p><p>F\u00fcr diese Felsenwand sind mindestens 12 Express-Sets, ein 60 Meter langes Seil und die Verwendung eines Helms empfehlenswert.<\/p>\t\t\t\t\t\t\t\t\t\t\t<\/div>\n\t\t\t\t\t\t\t\t\t<\/div>\n\t\t\t\t\t\t\t\t\t\t\t\t\t\t\t\t\t\t\t\t\t\t<\/div>\n\t\t\t\t\t<\/div>\n\t\t\t\t\t<\/div>\n\t\t\t\t\t\t\t\t\t\t\t\t\t\t\t\t\t\t\t\t\t\t<div class=\"col-lg-6 order-lg-2\">\n\t\t\t\t\t\t\t\t\t\t<div class=\"knsl-about-photo\">\n\t\t\t\t\t\t<img decoding=\"async\" src=\"https:\/\/www.hotelauroraelba.it\/wp-content\/uploads\/2024\/11\/freeclimbing_sanbartolomeo_02-1920x1275.jpg\" alt=\"\" \/>\n\t\t\t\t\t<\/div>\n\t\t\t\t\t\t\t\t\t\t<\/div>\n\t\t\t\t\t<div class=\"col-lg-6 align-self-center\">\n\t\t\t\t\t<div class=\"knsl-about-text\">\n\t\t\t\t\t\t<div class=\"knsl-title-frame\">\n\t\t\t\t\t\t\t\t\t\t\t\t\t\t\t\t\t\t\t<div class=\"knsl-text knsl-mb-30\">\n\t\t\t\t\t\t\t\t\t<div >\n\t\t\t\t\t\t\t\t\t\t\t\t<p>Spigolo all\u2019Ombra 5c<br \/>Olympus L1 5a L2 6b L3 6c<br \/>Variante Ascari 7c<br \/>Via del Gieco Spaventato L1 6b L2 6c<br \/>Mediterranea L1 6b L2 7a L3 6c<br \/>Tintura Ridicola L1 5c L2 6a L3 A1<br \/>Spigolo al Sole 6b<br \/>Spigolo al Sole di Destra 6b<br \/>Ale 7a+<\/p><p>Fabbricante di Chiavi 7b<br \/>Partenza Micidiale 7a<br \/>La Fessura 6b<br \/>Aspide 6c<br \/>Prunella 6a+<br \/>6 Luglio 7a<br \/>Pioneering L1 5a L2 5C<br \/>Ventarella 6a+<br \/>Nina 6b+<\/p><p>Pinta 6a+<br \/>Santa Maria 6b<br \/>Papavero 6a<br \/>Sara 5c<br \/>Passo di Samba L1 6a L2 7a+<br \/>111 e Lode L1 5b L2 5a L3 6a<br \/>Via dei Gigli Martagoni L1 5b L2 IV L3 IV+<br \/>Via dei Veci L1 IV L2 IV L3 V<br \/>Arrabbiata L1 5c L2 L3<\/p>\t\t\t\t\t\t\t\t\t\t\t<\/div>\n\t\t\t\t\t\t\t\t\t<\/div>\n\t\t\t\t\t\t\t\t\t\t\t\t\t\t\t\t\t\t\t\t\t\t<\/div>\n\t\t\t\t\t<\/div>\n\t\t\t\t\t<\/div>\n\t\t\t\t\t<\/div>\t\t\t\t\t\t\t\t\t\t\t\t<\/div>\n\t\t\n\t\t<\/section>\n\t\t<!-- about end -->\n\n\t\t\t\t\t\t\t<\/div>\n\t\t\t\t<\/div>\n\t\t\t\t\t<\/div>\n\t\t<\/div>\n\t\t\t\t\t<\/div>\n\t\t<\/section>\n\t\t\t\t<\/div>\n\t\t","protected":false},"excerpt":{"rendered":"<p>Sport und Natur Aktivit\u00e4ten auf der Insel Elba Home Einzigartige Erlebnisse und Outdoor-Aktivit\u00e4ten Eine Insel f\u00fcr Sportbegeisterte und Naturliebhaber Auf&#8230; <span class=\"knsl-el-more\"><a href=\"https:\/\/www.hotelauroraelba.it\/de\/sport-und-natur\/\" class=\"knsl-btn\">Read more<span class=\"screen-reader-text\">Read more&nbsp;Sport und Natur<\/span><\/a><\/span><\/p>\n","protected":false},"author":2,"featured_media":0,"parent":0,"menu_order":0,"comment_status":"closed","ping_status":"closed","template":"template-layout-builder.php","meta":{"_acf_changed":false,"footnotes":""},"class_list":["post-9874","page","type-page","status-publish","hentry"],"acf":[],"_links":{"self":[{"href":"https:\/\/www.hotelauroraelba.it\/de\/wp-json\/wp\/v2\/pages\/9874","targetHints":{"allow":["GET"]}}],"collection":[{"href":"https:\/\/www.hotelauroraelba.it\/de\/wp-json\/wp\/v2\/pages"}],"about":[{"href":"https:\/\/www.hotelauroraelba.it\/de\/wp-json\/wp\/v2\/types\/page"}],"author":[{"embeddable":true,"href":"https:\/\/www.hotelauroraelba.it\/de\/wp-json\/wp\/v2\/users\/2"}],"replies":[{"embeddable":true,"href":"https:\/\/www.hotelauroraelba.it\/de\/wp-json\/wp\/v2\/comments?post=9874"}],"version-history":[{"count":5,"href":"https:\/\/www.hotelauroraelba.it\/de\/wp-json\/wp\/v2\/pages\/9874\/revisions"}],"predecessor-version":[{"id":10153,"href":"https:\/\/www.hotelauroraelba.it\/de\/wp-json\/wp\/v2\/pages\/9874\/revisions\/10153"}],"wp:attachment":[{"href":"https:\/\/www.hotelauroraelba.it\/de\/wp-json\/wp\/v2\/media?parent=9874"}],"curies":[{"name":"wp","href":"https:\/\/api.w.org\/{rel}","templated":true}]}}